{"id":890,"date":"2022-04-28T20:48:14","date_gmt":"2022-04-28T20:48:14","guid":{"rendered":"https:\/\/gymalfit.com\/?page_id=890"},"modified":"2026-04-03T06:46:33","modified_gmt":"2026-04-03T06:46:33","slug":"contacto","status":"publish","type":"page","link":"https:\/\/www.gymalfit.com\/en\/contacto\/","title":{"rendered":"Contacto"},"content":{"rendered":"<div data-elementor-type=\"wp-page\" data-elementor-id=\"890\" class=\"elementor elementor-890\" data-elementor-post-type=\"page\">\n\t\t\t\t\t\t<section class=\"elementor-section elementor-top-section elementor-element elementor-element-3fa58ed1 elementor-section-content-middle elementor-section-boxed elementor-section-height-default elementor-section-height-default\" data-id=\"3fa58ed1\" data-element_type=\"section\" data-e-type=\"section\" data-settings=\"{&quot;background_background&quot;:&quot;classic&quot;}\">\n\t\t\t\t\t\t<div class=\"elementor-container elementor-column-gap-no\">\n\t\t\t\t\t<div class=\"elementor-column elementor-col-100 elementor-top-column elementor-element elementor-element-bcf6600\" data-id=\"bcf6600\" data-element_type=\"column\" data-e-type=\"column\">\n\t\t\t<div class=\"elementor-widget-wrap elementor-element-populated\">\n\t\t\t\t\t\t<div class=\"elementor-element elementor-element-55ee4029 elementor-widget elementor-widget-heading\" data-id=\"55ee4029\" data-element_type=\"widget\" data-e-type=\"widget\" data-widget_type=\"heading.default\">\n\t\t\t\t\t<h4 class=\"elementor-heading-title elementor-size-default\">Cont\u00e1ctanos<\/h4>\t\t\t\t<\/div>\n\t\t\t\t<section class=\"elementor-section elementor-inner-section elementor-element elementor-element-4f5b9f97 elementor-section-content-middle elementor-section-boxed elementor-section-height-default elementor-section-height-default\" data-id=\"4f5b9f97\" data-element_type=\"section\" data-e-type=\"section\">\n\t\t\t\t\t\t<div class=\"elementor-container elementor-column-gap-no\">\n\t\t\t\t\t<div class=\"elementor-column elementor-col-50 elementor-inner-column elementor-element elementor-element-4148ed66\" data-id=\"4148ed66\" data-element_type=\"column\" data-e-type=\"column\">\n\t\t\t<div class=\"elementor-widget-wrap elementor-element-populated\">\n\t\t\t\t\t\t<div class=\"elementor-element elementor-element-50fe2ac elementor-widget elementor-widget-text-editor\" data-id=\"50fe2ac\" data-element_type=\"widget\" data-e-type=\"widget\" data-widget_type=\"text-editor.default\">\n\t\t\t\t\t\t\t\t\t<p>info@gymalfit.com<\/p><p><span style=\"font-size: 16px; font-weight: 600; letter-spacing: normal; -webkit-text-stroke-color: #000000; white-space-collapse: preserve;\">Avenida de Andaluc\u00eda 7, 29651 Las Lagunas de Mijas (M\u00e1laga)<\/span><\/p><p><span style=\"font-size: 16px; font-weight: 600; letter-spacing: normal; -webkit-text-stroke-color: #000000; white-space-collapse: preserve;\">Parque Comercial Miramar<\/span><\/p><p><span style=\"font-size: 16px; font-weight: 600; letter-spacing: normal; -webkit-text-stroke-color: #000000; white-space-collapse: preserve;\">\u00a0<\/span><\/p><p>LUNES A VIERNES: 06:30h &#8211; 22:30h<\/p><p>S\u00c1BADO Y DOMINGO: 09:00h &#8211; 14:00h<\/p><p><span style=\"font-style: inherit; font-weight: inherit; letter-spacing: 0.3px; background-color: var( --e-global-color-primary );\">\u00a0<\/span><\/p><p><u style=\"font-style: inherit; font-weight: inherit; letter-spacing: 0.3px; background-color: var( --e-global-color-primary );\"><b>Festivos abiertos 2026<\/b><\/u><\/p><p style=\"font-size: 15px; font-style: normal; font-weight: 400; letter-spacing: 0.3px;\"><span style=\"font-style: inherit; font-weight: inherit; letter-spacing: 0.3px;\">28 de febrero<\/span><\/p><p style=\"font-size: 15px; font-style: normal; font-weight: 400; letter-spacing: 0.3px;\"><span style=\"letter-spacing: 0.3px;\">2 y 3 de abril<\/span><\/p><p style=\"font-size: 15px; font-style: normal; font-weight: 400; letter-spacing: 0.3px;\"><span style=\"letter-spacing: 0.3px;\">1 de mayo<\/span><\/p><p style=\"font-size: 15px; font-style: normal; font-weight: 400; letter-spacing: 0.3px;\"><span style=\"letter-spacing: 0.3px;\">15 de agosto<\/span><\/p><p style=\"font-size: 15px; font-style: normal; font-weight: 400; letter-spacing: 0.3px;\"><span style=\"letter-spacing: 0.3px;\">8 de septiembre<\/span><\/p><p style=\"font-size: 15px; font-style: normal; font-weight: 400; letter-spacing: 0.3px;\"><span style=\"letter-spacing: 0.3px;\">12 y 15 de octubre<\/span><\/p><p style=\"font-size: 15px; font-style: normal; font-weight: 400; letter-spacing: 0.3px;\"><span style=\"letter-spacing: 0.3px;\">2 de noviembre<\/span><\/p><p style=\"font-size: 15px; font-style: normal; font-weight: 400; letter-spacing: 0.3px;\"><span style=\"letter-spacing: 0.3px;\">7 y 8 de diciembre<\/span><\/p>\t\t\t\t\t\t\t\t<\/div>\n\t\t\t\t\t<\/div>\n\t\t<\/div>\n\t\t\t\t<div class=\"elementor-column elementor-col-50 elementor-inner-column elementor-element elementor-element-52d315fa\" data-id=\"52d315fa\" data-element_type=\"column\" data-e-type=\"column\">\n\t\t\t<div class=\"elementor-widget-wrap elementor-element-populated\">\n\t\t\t\t\t\t<div class=\"elementor-element elementor-element-4992d327 elementor-button-align-start elementor-widget elementor-widget-form\" data-id=\"4992d327\" data-element_type=\"widget\" data-e-type=\"widget\" data-settings=\"{&quot;step_next_label&quot;:&quot;Siguiente&quot;,&quot;step_previous_label&quot;:&quot;Anterior&quot;,&quot;_animation&quot;:&quot;none&quot;,&quot;button_width&quot;:&quot;100&quot;,&quot;step_type&quot;:&quot;number_text&quot;,&quot;step_icon_shape&quot;:&quot;circle&quot;}\" data-widget_type=\"form.default\">\n\t\t\t\t\t\t\t<form class=\"elementor-form\" method=\"post\" name=\"New Form\" aria-label=\"New Form\" action=\"\">\n\t\t\t<input type=\"hidden\" name=\"post_id\" value=\"890\"\/>\n\t\t\t<input type=\"hidden\" name=\"form_id\" value=\"4992d327\"\/>\n\t\t\t<input type=\"hidden\" name=\"referer_title\" value=\"\" \/>\n\n\t\t\t\n\t\t\t<div class=\"elementor-form-fields-wrapper elementor-labels-\">\n\t\t\t\t\t\t\t\t<div class=\"elementor-field-type-text elementor-field-group elementor-column elementor-field-group-name elementor-col-100 elementor-field-required\">\n\t\t\t\t\t\t\t\t\t\t\t\t<label for=\"form-field-name\" class=\"elementor-field-label elementor-screen-only\">\n\t\t\t\t\t\t\t\tNombre\t\t\t\t\t\t\t<\/label>\n\t\t\t\t\t\t\t\t\t\t\t\t\t\t<input size=\"1\" type=\"text\" name=\"form_fields[name]\" id=\"form-field-name\" class=\"elementor-field elementor-size-sm  elementor-field-textual\" placeholder=\"Nombre\" required=\"required\">\n\t\t\t\t\t\t\t\t\t\t\t<\/div>\n\t\t\t\t\t\t\t\t<div class=\"elementor-field-type-email elementor-field-group elementor-column elementor-field-group-email elementor-col-100 elementor-field-required\">\n\t\t\t\t\t\t\t\t\t\t\t\t<label for=\"form-field-email\" class=\"elementor-field-label elementor-screen-only\">\n\t\t\t\t\t\t\t\tEmail\t\t\t\t\t\t\t<\/label>\n\t\t\t\t\t\t\t\t\t\t\t\t\t\t<input size=\"1\" type=\"email\" name=\"form_fields[email]\" id=\"form-field-email\" class=\"elementor-field elementor-size-sm  elementor-field-textual\" placeholder=\"Email\" required=\"required\">\n\t\t\t\t\t\t\t\t\t\t\t<\/div>\n\t\t\t\t\t\t\t\t<div class=\"elementor-field-type-textarea elementor-field-group elementor-column elementor-field-group-message elementor-col-100 elementor-field-required\">\n\t\t\t\t\t\t\t\t\t\t\t\t<label for=\"form-field-message\" class=\"elementor-field-label elementor-screen-only\">\n\t\t\t\t\t\t\t\tMensaje\t\t\t\t\t\t\t<\/label>\n\t\t\t\t\t\t<textarea class=\"elementor-field-textual elementor-field  elementor-size-sm\" name=\"form_fields[message]\" id=\"form-field-message\" rows=\"4\" placeholder=\"Mensaje\" required=\"required\"><\/textarea>\t\t\t\t<\/div>\n\t\t\t\t\t\t\t\t<div class=\"elementor-field-type-acceptance elementor-field-group elementor-column elementor-field-group-field_aaedf86 elementor-col-100 elementor-field-required\">\n\t\t\t\t\t\t\t\t\t\t\t\t<label for=\"form-field-field_aaedf86\" class=\"elementor-field-label elementor-screen-only\">\n\t\t\t\t\t\t\t\tCheck formulario\t\t\t\t\t\t\t<\/label>\n\t\t\t\t\t\t\t\t<div class=\"elementor-field-subgroup\">\n\t\t\t<span class=\"elementor-field-option\">\n\t\t\t\t<input type=\"checkbox\" name=\"form_fields[field_aaedf86]\" id=\"form-field-field_aaedf86\" class=\"elementor-field elementor-size-sm  elementor-acceptance-field\" required=\"required\">\n\t\t\t\t<label for=\"form-field-field_aaedf86\">Autorizo recibir los productos y servicios relacionados con los solicitados en este formulario.<\/label>\t\t\t<\/span>\n\t\t<\/div>\n\t\t\t\t\t\t<\/div>\n\t\t\t\t\t\t\t\t<div class=\"elementor-field-group elementor-column elementor-field-type-submit elementor-col-100 e-form__buttons\">\n\t\t\t\t\t<button class=\"elementor-button elementor-size-sm elementor-animation-grow\" type=\"submit\">\n\t\t\t\t\t\t<span class=\"elementor-button-content-wrapper\">\n\t\t\t\t\t\t\t\t\t\t\t\t\t\t\t\t\t\t\t\t\t\t<span class=\"elementor-button-text\">Enviar Mensaje<\/span>\n\t\t\t\t\t\t\t\t\t\t\t\t\t<\/span>\n\t\t\t\t\t<\/button>\n\t\t\t\t<\/div>\n\t\t\t<\/div>\n\t\t<input type=\"hidden\" name=\"trp-form-language\" value=\"en\"\/><\/form>\n\t\t\t\t\t\t<\/div>\n\t\t<div class=\"elementor-element elementor-element-f9b4d6d e-flex e-con-boxed e-con e-parent\" data-id=\"f9b4d6d\" data-element_type=\"container\" data-e-type=\"container\">\n\t\t\t\t\t<div class=\"e-con-inner\">\n\t\t\t\t<div class=\"elementor-element elementor-element-574ff41 elementor-widget elementor-widget-text-editor\" data-id=\"574ff41\" data-element_type=\"widget\" data-e-type=\"widget\" data-widget_type=\"text-editor.default\">\n\t\t\t\t\t\t\t\t\t<p style=\"font-size: 11px; font-style: normal; font-weight: 400;\"><i><span style=\"font-family: Calibri;\">\u00abEn cumplimiento del Reglamento General de Protecci\u00f3n de Datos (UE) 2016\/679 del Parlamento Europeo y\u00a0<\/span><span style=\"font-family: Calibri; color: var( --e-global-color-text ); text-align: var(--text-align);\">del Consejo de 27 de abril de 2016 y la ley org\u00e1nica 3\/2018 de 5 de diciembre de Protecci\u00f3n de Datos\u00a0<\/span><span style=\"font-family: Calibri; color: var( --e-global-color-text ); text-align: var(--text-align);\">Personales y de Garant\u00eda de los Derechos Digitales le informamos que los datos por Vd. proporcionados ser\u00e1n\u00a0<\/span><span style=\"font-family: Calibri; color: var( --e-global-color-text ); text-align: var(--text-align);\">objeto de tratamiento por parte de GYMALFIT con CIF 25349868G, con domicilio en MIJAS\u00a0<\/span><span style=\"font-family: Calibri; color: var( --e-global-color-text ); text-align: var(--text-align);\">(MALAGA), C.P. 29650, AVENIDA CARMEN SAENZ TEJADA N\u00ba 7 , con la finalidad de prestarle el servicio\u00a0<\/span><span style=\"font-family: Calibri; color: var( --e-global-color-text ); text-align: var(--text-align);\">solicitado y\/o contratado, realizar la facturaci\u00f3n del mismo.<\/span><\/i><\/p><p style=\"font-size: 11px; font-style: normal; font-weight: 400;\"><span style=\"font-family: Calibri; color: var( --e-global-color-text ); text-align: var(--text-align);\"><i>La base legal para el tratamiento de sus datos es la ejecuci\u00f3n del servicio por usted contratado y\/o solicitado.<\/i><\/span><\/p><p style=\"font-size: 11px; font-style: normal; font-weight: 400;\"><i><span style=\"font-family: Calibri;\">La oferta prospectiva de productos y servicios est\u00e1 basada en el consentimiento que se le solicita, sin que en\u00a0<\/span><span style=\"font-family: Calibri; color: var( --e-global-color-text ); text-align: var(--text-align);\">ning\u00fan caso la retirada de este consentimiento condicione la ejecuci\u00f3n del contrato.\u00a0<\/span><span style=\"font-family: Calibri; color: var( --e-global-color-text ); text-align: var(--text-align);\">Los datos proporcionados se conservar\u00e1n mientras se mantenga la relaci\u00f3n comercial o durante los a\u00f1os\u00a0<\/span><span style=\"font-family: Calibri; color: var( --e-global-color-text ); text-align: var(--text-align);\">necesarios para cumplir con las obligaciones legales. Los datos no se ceder\u00e1n a terceros salvo en los casos en\u00a0<\/span><span style=\"font-family: Calibri; color: var( --e-global-color-text ); text-align: var(--text-align);\">que exista una obligaci\u00f3n legal.<\/span><\/i><\/p><p style=\"font-size: 11px; font-style: normal; font-weight: 400;\"><i><span style=\"font-family: Calibri;\">Usted tiene derecho a obtener confirmaci\u00f3n sobre si en GYMALFIT estamos tratando sus datos\u00a0<\/span><span style=\"font-family: Calibri; color: var( --e-global-color-text ); text-align: var(--text-align);\">personales y por tanto tiene derecho a ejercer sus derechos de acceso, rectificaci\u00f3n, limitaci\u00f3n del\u00a0<\/span><span style=\"font-family: Calibri; color: var( --e-global-color-text ); text-align: var(--text-align);\">tratamiento, portabilidad, oposici\u00f3n al tratamiento y supresi\u00f3n de sus datos mediante escrito dirigido a la\u00a0<\/span><span style=\"font-family: Calibri; color: var( --e-global-color-text ); text-align: var(--text-align);\">direcci\u00f3n postal arriba mencionada o electr\u00f3nica\u00a0<span style=\"font-weight: bold;\">administracion@gymalfit.com<\/span>, adjuntando copia del DNI en\u00a0<\/span><span style=\"font-family: Calibri; color: var( --e-global-color-text ); text-align: var(--text-align);\">ambos casos, as\u00ed como el derecho a presentar una reclamaci\u00f3n ante la Autoridad de Control (aepd.es).\u00bb<\/span><\/i><\/p>\t\t\t\t\t\t\t\t<\/div>\n\t\t\t\t\t<\/div>\n\t\t\t\t<\/div>\n\t\t\t\t\t<\/div>\n\t\t<\/div>\n\t\t\t\t\t<\/div>\n\t\t<\/section>\n\t\t\t\t\t<\/div>\n\t\t<\/div>\n\t\t\t\t\t<\/div>\n\t\t<\/section>\n\t\t<div class=\"elementor-element elementor-element-56ff8df9 e-con-full e-flex e-con e-parent\" data-id=\"56ff8df9\" data-element_type=\"container\" data-e-type=\"container\">\n\t\t\t\t<div class=\"elementor-element elementor-element-58f49574 elementor-shape-circle e-grid-align-right elementor-fixed elementor-grid-0 elementor-widget elementor-widget-social-icons\" data-id=\"58f49574\" data-element_type=\"widget\" data-e-type=\"widget\" data-settings=\"{&quot;_position&quot;:&quot;fixed&quot;}\" data-widget_type=\"social-icons.default\">\n\t\t\t\t\t\t\t<div class=\"elementor-social-icons-wrapper elementor-grid\">\n\t\t\t\t\t\t\t<span class=\"elementor-grid-item\">\n\t\t\t\t\t<a class=\"elementor-icon elementor-social-icon elementor-social-icon-whatsapp elementor-repeater-item-4aa371d\" href=\"https:\/\/wa.me\/+34689067554\" target=\"_blank\">\n\t\t\t\t\t\t<span class=\"elementor-screen-only\">Whatsapp<\/span>\n\t\t\t\t\t\t<svg aria-hidden=\"true\" class=\"e-font-icon-svg e-fab-whatsapp\" viewbox=\"0 0 448 512\" xmlns=\"http:\/\/www.w3.org\/2000\/svg\"><path d=\"M380.9 97.1C339 55.1 283.2 32 223.9 32c-122.4 0-222 99.6-222 222 0 39.1 10.2 77.3 29.6 111L0 480l117.7-30.9c32.4 17.7 68.9 27 106.1 27h.1c122.3 0 224.1-99.6 224.1-222 0-59.3-25.2-115-67.1-157zm-157 341.6c-33.2 0-65.7-8.9-94-25.7l-6.7-4-69.8 18.3L72 359.2l-4.4-7c-18.5-29.4-28.2-63.3-28.2-98.2 0-101.7 82.8-184.5 184.6-184.5 49.3 0 95.6 19.2 130.4 54.1 34.8 34.9 56.2 81.2 56.1 130.5 0 101.8-84.9 184.6-186.6 184.6zm101.2-138.2c-5.5-2.8-32.8-16.2-37.9-18-5.1-1.9-8.8-2.8-12.5 2.8-3.7 5.6-14.3 18-17.6 21.8-3.2 3.7-6.5 4.2-12 1.4-32.6-16.3-54-29.1-75.5-66-5.7-9.8 5.7-9.1 16.3-30.3 1.8-3.7.9-6.9-.5-9.7-1.4-2.8-12.5-30.1-17.1-41.2-4.5-10.8-9.1-9.3-12.5-9.5-3.2-.2-6.9-.2-10.6-.2-3.7 0-9.7 1.4-14.8 6.9-5.1 5.6-19.4 19-19.4 46.3 0 27.3 19.9 53.7 22.6 57.4 2.8 3.7 39.1 59.7 94.8 83.8 35.2 15.2 49 16.5 66.6 13.9 10.7-1.6 32.8-13.4 37.4-26.4 4.6-13 4.6-24.1 3.2-26.4-1.3-2.5-5-3.9-10.5-6.6z\"><\/path><\/svg>\t\t\t\t\t<\/a>\n\t\t\t\t<\/span>\n\t\t\t\t\t<\/div>\n\t\t\t\t\t\t<\/div>\n\t\t\t\t<\/div>\n\t\t\t\t<\/div>","protected":false},"excerpt":{"rendered":"<p>Cont\u00e1ctanos info@gymalfit.com Avenida de Andaluc\u00eda 7, 29651 Las Lagunas de Mijas (M\u00e1laga) Parque Comercial Miramar \u00a0 LUNES A VIERNES: 06:30h &#8211; 22:30h S\u00c1BADO Y DOMINGO: 09:00h &#8211; 14:00h \u00a0 Festivos abiertos 2026 28 de febrero 2 y 3 de abril 1 de mayo 15 de agosto 8 de septiembre 12 y 15 de octubre 2 [&hellip;]<\/p>","protected":false},"author":1,"featured_media":0,"parent":0,"menu_order":0,"comment_status":"closed","ping_status":"closed","template":"","meta":{"om_disable_all_campaigns":false,"_uag_custom_page_level_css":"","_monsterinsights_skip_tracking":false,"_monsterinsights_sitenote_active":false,"_monsterinsights_sitenote_note":"","_monsterinsights_sitenote_category":0,"site-sidebar-layout":"no-sidebar","site-content-layout":"page-builder","ast-site-content-layout":"default","site-content-style":"default","site-sidebar-style":"default","ast-global-header-display":"","ast-banner-title-visibility":"","ast-main-header-display":"","ast-hfb-above-header-display":"","ast-hfb-below-header-display":"","ast-hfb-mobile-header-display":"","site-post-title":"disabled","ast-breadcrumbs-content":"","ast-featured-img":"disabled","footer-sml-layout":"","ast-disable-related-posts":"","theme-transparent-header-meta":"","adv-header-id-meta":null,"stick-header-meta":null,"header-above-stick-meta":null,"header-main-stick-meta":null,"header-below-stick-meta":null,"astra-migrate-meta-layouts":"default","ast-page-background-enabled":"default","ast-page-background-meta":{"desktop":{"background-color":"var(--ast-global-color-4)","background-image":"","background-repeat":"repeat","background-position":"center center","background-size":"auto","background-attachment":"scroll","background-type":"","background-media":"","overlay-type":"","overlay-color":"","overlay-opacity":"","overlay-gradient":""},"tablet":{"background-color":"","background-image":"","background-repeat":"repeat","background-position":"center center","background-size":"auto","background-attachment":"scroll","background-type":"","background-media":"","overlay-type":"","overlay-color":"","overlay-opacity":"","overlay-gradient":""},"mobile":{"background-color":"","background-image":"","background-repeat":"repeat","background-position":"center center","background-size":"auto","background-attachment":"scroll","background-type":"","background-media":"","overlay-type":"","overlay-color":"","overlay-opacity":"","overlay-gradient":""}},"ast-content-background-meta":{"desktop":{"background-color":"var(--ast-global-color-5)","background-image":"","background-repeat":"repeat","background-position":"center center","background-size":"auto","background-attachment":"scroll","background-type":"","background-media":"","overlay-type":"","overlay-color":"","overlay-opacity":"","overlay-gradient":""},"tablet":{"background-color":"var(--ast-global-color-5)","background-image":"","background-repeat":"repeat","background-position":"center center","background-size":"auto","background-attachment":"scroll","background-type":"","background-media":"","overlay-type":"","overlay-color":"","overlay-opacity":"","overlay-gradient":""},"mobile":{"background-color":"var(--ast-global-color-5)","background-image":"","background-repeat":"repeat","background-position":"center center","background-size":"auto","background-attachment":"scroll","background-type":"","background-media":"","overlay-type":"","overlay-color":"","overlay-opacity":"","overlay-gradient":""}},"footnotes":""},"class_list":["post-890","page","type-page","status-publish","hentry"],"aioseo_notices":[],"uagb_featured_image_src":{"full":false,"thumbnail":false,"medium":false,"medium_large":false,"large":false,"1536x1536":false,"2048x2048":false,"trp-custom-language-flag":false},"uagb_author_info":{"display_name":"administraci\u00f3n","author_link":"https:\/\/www.gymalfit.com\/en\/author\/admin\/"},"uagb_comment_info":0,"uagb_excerpt":"Cont\u00e1ctanos info@gymalfit.com Avenida de Andaluc\u00eda 7, 29651 Las Lagunas de Mijas (M\u00e1laga) Parque Comercial Miramar \u00a0 LUNES A VIERNES: 06:30h &#8211; 22:30h S\u00c1BADO Y DOMINGO: 09:00h &#8211; 14:00h \u00a0 Festivos abiertos 2026 28 de febrero 2 y 3 de abril 1 de mayo 15 de agosto 8 de septiembre 12 y 15 de octubre 2&hellip;","_links":{"self":[{"href":"https:\/\/www.gymalfit.com\/en\/wp-json\/wp\/v2\/pages\/890","targetHints":{"allow":["GET"]}}],"collection":[{"href":"https:\/\/www.gymalfit.com\/en\/wp-json\/wp\/v2\/pages"}],"about":[{"href":"https:\/\/www.gymalfit.com\/en\/wp-json\/wp\/v2\/types\/page"}],"author":[{"embeddable":true,"href":"https:\/\/www.gymalfit.com\/en\/wp-json\/wp\/v2\/users\/1"}],"replies":[{"embeddable":true,"href":"https:\/\/www.gymalfit.com\/en\/wp-json\/wp\/v2\/comments?post=890"}],"version-history":[{"count":113,"href":"https:\/\/www.gymalfit.com\/en\/wp-json\/wp\/v2\/pages\/890\/revisions"}],"predecessor-version":[{"id":3701,"href":"https:\/\/www.gymalfit.com\/en\/wp-json\/wp\/v2\/pages\/890\/revisions\/3701"}],"wp:attachment":[{"href":"https:\/\/www.gymalfit.com\/en\/wp-json\/wp\/v2\/media?parent=890"}],"curies":[{"name":"wp","href":"https:\/\/api.w.org\/{rel}","templated":true}]}}